{"id":116,"date":"2020-02-14T18:18:11","date_gmt":"2020-02-14T17:18:11","guid":{"rendered":"https:\/\/www.stanislavbariny.sk\/strechy\/?page_id=116"},"modified":"2020-03-18T16:52:10","modified_gmt":"2020-03-18T15:52:10","slug":"tesarstvo","status":"publish","type":"page","link":"https:\/\/stanislavbariny.sk\/strechy\/?page_id=116","title":{"rendered":"Tes\u00e1rstvo"},"content":{"rendered":"\n<p>Kvalitn\u00fd krov je z\u00e1kladom pevnej a t\u00fdm aj funk\u010dnej strechy. Dlhodobo spolupracujeme s osved\u010den\u00fdm dod\u00e1vate\u013eom dreva z Kys\u00fac, v\u010faka \u010domu v\u00e1m m\u00f4\u017eeme pon\u00faknu\u0165 kvalitn\u00e9 certifikovan\u00e9 pevnostn\u00e9 trieden\u00e9 rezivo, moren\u00e9 i nemoren\u00e9, za v\u00fdhodn\u00e9 ceny a v relat\u00edvne kr\u00e1tkom dodacom \u010dase. Na\u0161a firma sa zameriava len na tes\u00e1rske pr\u00e1ce s\u00favisiace so strechou.<\/p>\n\n\n\n<h4>V r\u00e1mci tes\u00e1rskych pr\u00e1c v\u00e1m pon\u00fakame:<\/h4>\n\n\n\n<ul><li>v\u00fdrobu krovov v\u0161etk\u00fdch tvarov a ve\u013ekost\u00ed na z\u00e1klade v\u00fdkresovej dokument\u00e1cie ale i bez nej<\/li><li>v\u00fdrobu alt\u00e1nov, pergol, pr\u00edstre\u0161kov na auto, z\u00e1hradn\u00fdch dom\u010dekov, ter\u00e1s<\/li><li>mont\u00e1\u017e stre\u0161n\u00fdch l\u00e1t a kontral\u00e1t<\/li><li>mont\u00e1\u017e pln\u00e9ho z\u00e1klopu<\/li><li>mont\u00e1\u017e tatransk\u00e9ho obkladu, palubkov\u00e9 podbitie<\/li><li>mont\u00e1\u017e dreven\u00fdch kon\u0161trukci\u00ed priehradov\u00fdch v\u00e4zn\u00edkov<\/li><li>opravy krovu, vystu\u017eenie a spevnenie krovu<\/li><li>repliky<\/li><\/ul>\n\n\n\n<figure class=\"wp-block-gallery columns-3 is-cropped\"><ul class=\"blocks-gallery-grid\"><li class=\"blocks-gallery-item\"><figure><img loading=\"lazy\" width=\"1024\" height=\"578\" src=\"https:\/\/www.stanislavbariny.sk\/strechy\/wp-content\/uploads\/2020\/02\/IMG-20191108-WA0005-1-1024x578.jpg\" alt=\"\" data-id=\"218\" data-link=\"https:\/\/www.stanislavbariny.sk\/strechy\/?attachment_id=218\" class=\"wp-image-218\" srcset=\"https:\/\/stanislavbariny.sk\/strechy\/wp-content\/uploads\/2020\/02\/IMG-20191108-WA0005-1-1024x578.jpg 1024w, https:\/\/stanislavbariny.sk\/strechy\/wp-content\/uploads\/2020\/02\/IMG-20191108-WA0005-1-300x169.jpg 300w, https:\/\/stanislavbariny.sk\/strechy\/wp-content\/uploads\/2020\/02\/IMG-20191108-WA0005-1-768x433.jpg 768w, https:\/\/stanislavbariny.sk\/strechy\/wp-content\/uploads\/2020\/02\/IMG-20191108-WA0005-1.jpg 1496w\" sizes=\"(max-width: 1024px) 100vw, 1024px\" \/><\/figure><\/li><li class=\"blocks-gallery-item\"><figure><img loading=\"lazy\" width=\"1024\" height=\"578\" src=\"https:\/\/www.stanislavbariny.sk\/strechy\/wp-content\/uploads\/2020\/02\/IMG-20191108-WA0011-1-1024x578.jpg\" alt=\"\" data-id=\"223\" data-link=\"https:\/\/www.stanislavbariny.sk\/strechy\/?attachment_id=223\" class=\"wp-image-223\" srcset=\"https:\/\/stanislavbariny.sk\/strechy\/wp-content\/uploads\/2020\/02\/IMG-20191108-WA0011-1-1024x578.jpg 1024w, https:\/\/stanislavbariny.sk\/strechy\/wp-content\/uploads\/2020\/02\/IMG-20191108-WA0011-1-300x169.jpg 300w, https:\/\/stanislavbariny.sk\/strechy\/wp-content\/uploads\/2020\/02\/IMG-20191108-WA0011-1-768x433.jpg 768w, https:\/\/stanislavbariny.sk\/strechy\/wp-content\/uploads\/2020\/02\/IMG-20191108-WA0011-1.jpg 1496w\" sizes=\"(max-width: 1024px) 100vw, 1024px\" \/><\/figure><\/li><li class=\"blocks-gallery-item\"><figure><img loading=\"lazy\" width=\"1024\" height=\"578\" src=\"https:\/\/www.stanislavbariny.sk\/strechy\/wp-content\/uploads\/2020\/02\/IMG-20191108-WA0009-1-1024x578.jpg\" alt=\"\" data-id=\"221\" data-link=\"https:\/\/www.stanislavbariny.sk\/strechy\/?attachment_id=221\" class=\"wp-image-221\" srcset=\"https:\/\/stanislavbariny.sk\/strechy\/wp-content\/uploads\/2020\/02\/IMG-20191108-WA0009-1-1024x578.jpg 1024w, https:\/\/stanislavbariny.sk\/strechy\/wp-content\/uploads\/2020\/02\/IMG-20191108-WA0009-1-300x169.jpg 300w, https:\/\/stanislavbariny.sk\/strechy\/wp-content\/uploads\/2020\/02\/IMG-20191108-WA0009-1-768x433.jpg 768w, https:\/\/stanislavbariny.sk\/strechy\/wp-content\/uploads\/2020\/02\/IMG-20191108-WA0009-1.jpg 1496w\" sizes=\"(max-width: 1024px) 100vw, 1024px\" \/><\/figure><\/li><li class=\"blocks-gallery-item\"><figure><img loading=\"lazy\" width=\"1024\" height=\"578\" src=\"https:\/\/www.stanislavbariny.sk\/strechy\/wp-content\/uploads\/2020\/02\/IMG-20191108-WA0010-1-1024x578.jpg\" alt=\"\" data-id=\"222\" data-link=\"https:\/\/www.stanislavbariny.sk\/strechy\/?attachment_id=222\" class=\"wp-image-222\" srcset=\"https:\/\/stanislavbariny.sk\/strechy\/wp-content\/uploads\/2020\/02\/IMG-20191108-WA0010-1-1024x578.jpg 1024w, https:\/\/stanislavbariny.sk\/strechy\/wp-content\/uploads\/2020\/02\/IMG-20191108-WA0010-1-300x169.jpg 300w, https:\/\/stanislavbariny.sk\/strechy\/wp-content\/uploads\/2020\/02\/IMG-20191108-WA0010-1-768x433.jpg 768w, https:\/\/stanislavbariny.sk\/strechy\/wp-content\/uploads\/2020\/02\/IMG-20191108-WA0010-1.jpg 1496w\" sizes=\"(max-width: 1024px) 100vw, 1024px\" \/><\/figure><\/li><li class=\"blocks-gallery-item\"><figure><img loading=\"lazy\" width=\"1024\" height=\"578\" src=\"https:\/\/www.stanislavbariny.sk\/strechy\/wp-content\/uploads\/2020\/02\/IMG-20191108-WA0004-1-1024x578.jpg\" alt=\"\" data-id=\"217\" data-link=\"https:\/\/www.stanislavbariny.sk\/strechy\/?attachment_id=217\" class=\"wp-image-217\" srcset=\"https:\/\/stanislavbariny.sk\/strechy\/wp-content\/uploads\/2020\/02\/IMG-20191108-WA0004-1-1024x578.jpg 1024w, https:\/\/stanislavbariny.sk\/strechy\/wp-content\/uploads\/2020\/02\/IMG-20191108-WA0004-1-300x169.jpg 300w, https:\/\/stanislavbariny.sk\/strechy\/wp-content\/uploads\/2020\/02\/IMG-20191108-WA0004-1-768x433.jpg 768w, https:\/\/stanislavbariny.sk\/strechy\/wp-content\/uploads\/2020\/02\/IMG-20191108-WA0004-1.jpg 1496w\" sizes=\"(max-width: 1024px) 100vw, 1024px\" \/><\/figure><\/li><li class=\"blocks-gallery-item\"><figure><img loading=\"lazy\" width=\"1024\" height=\"768\" src=\"https:\/\/www.stanislavbariny.sk\/strechy\/wp-content\/uploads\/2020\/02\/16.jpg\" alt=\"\" data-id=\"129\" data-link=\"https:\/\/www.stanislavbariny.sk\/strechy\/?attachment_id=129\" class=\"wp-image-129\" srcset=\"https:\/\/stanislavbariny.sk\/strechy\/wp-content\/uploads\/2020\/02\/16.jpg 1024w, https:\/\/stanislavbariny.sk\/strechy\/wp-content\/uploads\/2020\/02\/16-300x225.jpg 300w, https:\/\/stanislavbariny.sk\/strechy\/wp-content\/uploads\/2020\/02\/16-768x576.jpg 768w\" sizes=\"(max-width: 1024px) 100vw, 1024px\" \/><\/figure><\/li><li class=\"blocks-gallery-item\"><figure><img loading=\"lazy\" width=\"1024\" height=\"578\" src=\"https:\/\/www.stanislavbariny.sk\/strechy\/wp-content\/uploads\/2020\/02\/IMG-20191108-WA0002-1024x578.jpg\" alt=\"\" data-id=\"142\" data-link=\"https:\/\/www.stanislavbariny.sk\/strechy\/?attachment_id=142\" class=\"wp-image-142\" srcset=\"https:\/\/stanislavbariny.sk\/strechy\/wp-content\/uploads\/2020\/02\/IMG-20191108-WA0002-1024x578.jpg 1024w, https:\/\/stanislavbariny.sk\/strechy\/wp-content\/uploads\/2020\/02\/IMG-20191108-WA0002-300x169.jpg 300w, https:\/\/stanislavbariny.sk\/strechy\/wp-content\/uploads\/2020\/02\/IMG-20191108-WA0002-768x433.jpg 768w, https:\/\/stanislavbariny.sk\/strechy\/wp-content\/uploads\/2020\/02\/IMG-20191108-WA0002.jpg 1496w\" sizes=\"(max-width: 1024px) 100vw, 1024px\" \/><\/figure><\/li><li class=\"blocks-gallery-item\"><figure><img loading=\"lazy\" width=\"1024\" height=\"768\" src=\"https:\/\/www.stanislavbariny.sk\/strechy\/wp-content\/uploads\/2020\/02\/13122007150-1024x768.jpg\" alt=\"\" data-id=\"45\" data-link=\"https:\/\/www.stanislavbariny.sk\/strechy\/?attachment_id=45\" class=\"wp-image-45\" srcset=\"https:\/\/stanislavbariny.sk\/strechy\/wp-content\/uploads\/2020\/02\/13122007150-1024x768.jpg 1024w, https:\/\/stanislavbariny.sk\/strechy\/wp-content\/uploads\/2020\/02\/13122007150-300x225.jpg 300w, https:\/\/stanislavbariny.sk\/strechy\/wp-content\/uploads\/2020\/02\/13122007150-768x576.jpg 768w, https:\/\/stanislavbariny.sk\/strechy\/wp-content\/uploads\/2020\/02\/13122007150-1536x1152.jpg 1536w, https:\/\/stanislavbariny.sk\/strechy\/wp-content\/uploads\/2020\/02\/13122007150.jpg 2048w\" sizes=\"(max-width: 1024px) 100vw, 1024px\" \/><\/figure><\/li><li class=\"blocks-gallery-item\"><figure><img loading=\"lazy\" width=\"1024\" height=\"577\" src=\"https:\/\/www.stanislavbariny.sk\/strechy\/wp-content\/uploads\/2020\/03\/WhatsApp-Image-2020-03-07-at-15.32.08-1024x577.jpeg\" alt=\"\" data-id=\"397\" data-full-url=\"https:\/\/www.stanislavbariny.sk\/strechy\/wp-content\/uploads\/2020\/03\/WhatsApp-Image-2020-03-07-at-15.32.08.jpeg\" data-link=\"https:\/\/www.stanislavbariny.sk\/strechy\/?attachment_id=397\" class=\"wp-image-397\" srcset=\"https:\/\/stanislavbariny.sk\/strechy\/wp-content\/uploads\/2020\/03\/WhatsApp-Image-2020-03-07-at-15.32.08-1024x577.jpeg 1024w, https:\/\/stanislavbariny.sk\/strechy\/wp-content\/uploads\/2020\/03\/WhatsApp-Image-2020-03-07-at-15.32.08-300x169.jpeg 300w, https:\/\/stanislavbariny.sk\/strechy\/wp-content\/uploads\/2020\/03\/WhatsApp-Image-2020-03-07-at-15.32.08-768x433.jpeg 768w, https:\/\/stanislavbariny.sk\/strechy\/wp-content\/uploads\/2020\/03\/WhatsApp-Image-2020-03-07-at-15.32.08.jpeg 1332w\" sizes=\"(max-width: 1024px) 100vw, 1024px\" \/><\/figure><\/li><li class=\"blocks-gallery-item\"><figure><img loading=\"lazy\" width=\"1024\" height=\"577\" src=\"https:\/\/www.stanislavbariny.sk\/strechy\/wp-content\/uploads\/2020\/03\/WhatsApp-Image-2020-03-07-at-15.50.49-1-1024x577.jpeg\" alt=\"\" data-id=\"398\" data-full-url=\"https:\/\/www.stanislavbariny.sk\/strechy\/wp-content\/uploads\/2020\/03\/WhatsApp-Image-2020-03-07-at-15.50.49-1.jpeg\" data-link=\"https:\/\/www.stanislavbariny.sk\/strechy\/?attachment_id=398\" class=\"wp-image-398\" srcset=\"https:\/\/stanislavbariny.sk\/strechy\/wp-content\/uploads\/2020\/03\/WhatsApp-Image-2020-03-07-at-15.50.49-1-1024x577.jpeg 1024w, https:\/\/stanislavbariny.sk\/strechy\/wp-content\/uploads\/2020\/03\/WhatsApp-Image-2020-03-07-at-15.50.49-1-300x169.jpeg 300w, https:\/\/stanislavbariny.sk\/strechy\/wp-content\/uploads\/2020\/03\/WhatsApp-Image-2020-03-07-at-15.50.49-1-768x433.jpeg 768w, https:\/\/stanislavbariny.sk\/strechy\/wp-content\/uploads\/2020\/03\/WhatsApp-Image-2020-03-07-at-15.50.49-1-1536x866.jpeg 1536w, https:\/\/stanislavbariny.sk\/strechy\/wp-content\/uploads\/2020\/03\/WhatsApp-Image-2020-03-07-at-15.50.49-1.jpeg 1600w\" sizes=\"(max-width: 1024px) 100vw, 1024px\" \/><\/figure><\/li><li class=\"blocks-gallery-item\"><figure><img loading=\"lazy\" width=\"1024\" height=\"577\" src=\"https:\/\/www.stanislavbariny.sk\/strechy\/wp-content\/uploads\/2020\/03\/WhatsApp-Image-2020-03-07-at-15.50.55-2-1024x577.jpeg\" alt=\"\" data-id=\"399\" data-full-url=\"https:\/\/www.stanislavbariny.sk\/strechy\/wp-content\/uploads\/2020\/03\/WhatsApp-Image-2020-03-07-at-15.50.55-2.jpeg\" data-link=\"https:\/\/www.stanislavbariny.sk\/strechy\/?attachment_id=399\" class=\"wp-image-399\" srcset=\"https:\/\/stanislavbariny.sk\/strechy\/wp-content\/uploads\/2020\/03\/WhatsApp-Image-2020-03-07-at-15.50.55-2-1024x577.jpeg 1024w, https:\/\/stanislavbariny.sk\/strechy\/wp-content\/uploads\/2020\/03\/WhatsApp-Image-2020-03-07-at-15.50.55-2-300x169.jpeg 300w, https:\/\/stanislavbariny.sk\/strechy\/wp-content\/uploads\/2020\/03\/WhatsApp-Image-2020-03-07-at-15.50.55-2-768x433.jpeg 768w, https:\/\/stanislavbariny.sk\/strechy\/wp-content\/uploads\/2020\/03\/WhatsApp-Image-2020-03-07-at-15.50.55-2.jpeg 1332w\" sizes=\"(max-width: 1024px) 100vw, 1024px\" \/><\/figure><\/li><li class=\"blocks-gallery-item\"><figure><img loading=\"lazy\" width=\"1024\" height=\"577\" src=\"https:\/\/www.stanislavbariny.sk\/strechy\/wp-content\/uploads\/2020\/03\/WhatsApp-Image-2020-03-07-at-15.50.57-1-1024x577.jpeg\" alt=\"\" data-id=\"400\" data-full-url=\"https:\/\/www.stanislavbariny.sk\/strechy\/wp-content\/uploads\/2020\/03\/WhatsApp-Image-2020-03-07-at-15.50.57-1.jpeg\" data-link=\"https:\/\/www.stanislavbariny.sk\/strechy\/?attachment_id=400\" class=\"wp-image-400\" srcset=\"https:\/\/stanislavbariny.sk\/strechy\/wp-content\/uploads\/2020\/03\/WhatsApp-Image-2020-03-07-at-15.50.57-1-1024x577.jpeg 1024w, https:\/\/stanislavbariny.sk\/strechy\/wp-content\/uploads\/2020\/03\/WhatsApp-Image-2020-03-07-at-15.50.57-1-300x169.jpeg 300w, https:\/\/stanislavbariny.sk\/strechy\/wp-content\/uploads\/2020\/03\/WhatsApp-Image-2020-03-07-at-15.50.57-1-768x433.jpeg 768w, https:\/\/stanislavbariny.sk\/strechy\/wp-content\/uploads\/2020\/03\/WhatsApp-Image-2020-03-07-at-15.50.57-1.jpeg 1332w\" sizes=\"(max-width: 1024px) 100vw, 1024px\" \/><\/figure><\/li><li class=\"blocks-gallery-item\"><figure><img loading=\"lazy\" width=\"1024\" height=\"577\" src=\"https:\/\/www.stanislavbariny.sk\/strechy\/wp-content\/uploads\/2020\/03\/WhatsApp-Image-2020-03-07-at-15.50.57-3-1024x577.jpeg\" alt=\"\" data-id=\"401\" data-full-url=\"https:\/\/www.stanislavbariny.sk\/strechy\/wp-content\/uploads\/2020\/03\/WhatsApp-Image-2020-03-07-at-15.50.57-3.jpeg\" data-link=\"https:\/\/www.stanislavbariny.sk\/strechy\/?attachment_id=401\" class=\"wp-image-401\" srcset=\"https:\/\/stanislavbariny.sk\/strechy\/wp-content\/uploads\/2020\/03\/WhatsApp-Image-2020-03-07-at-15.50.57-3-1024x577.jpeg 1024w, https:\/\/stanislavbariny.sk\/strechy\/wp-content\/uploads\/2020\/03\/WhatsApp-Image-2020-03-07-at-15.50.57-3-300x169.jpeg 300w, https:\/\/stanislavbariny.sk\/strechy\/wp-content\/uploads\/2020\/03\/WhatsApp-Image-2020-03-07-at-15.50.57-3-768x433.jpeg 768w, https:\/\/stanislavbariny.sk\/strechy\/wp-content\/uploads\/2020\/03\/WhatsApp-Image-2020-03-07-at-15.50.57-3.jpeg 1332w\" sizes=\"(max-width: 1024px) 100vw, 1024px\" \/><\/figure><\/li><\/ul><\/figure>\n","protected":false},"excerpt":{"rendered":"<p>Kvalitn\u00fd krov je z\u00e1kladom pevnej a t\u00fdm aj funk\u010dnej strechy. Dlhodobo spolupracujeme s osved\u010den\u00fdm dod\u00e1vate\u013eom dreva z Kys\u00fac, v\u010faka \u010domu v\u00e1m m\u00f4\u017eeme pon\u00faknu\u0165 kvalitn\u00e9 certifikovan\u00e9 pevnostn\u00e9 trieden\u00e9 rezivo, moren\u00e9 i nemoren\u00e9, za v\u00fdhodn\u00e9 ceny a v relat\u00edvne kr\u00e1tkom dodacom \u010dase. Na\u0161a firma sa zameriava len na tes\u00e1rske pr\u00e1ce s\u00favisiace so strechou. V r\u00e1mci tes\u00e1rskych pr\u00e1c [&hellip;]<\/p>\n","protected":false},"author":1,"featured_media":0,"parent":0,"menu_order":0,"comment_status":"closed","ping_status":"closed","template":"","meta":{"_monsterinsights_skip_tracking":false,"_monsterinsights_sitenote_active":false,"_monsterinsights_sitenote_note":"","_monsterinsights_sitenote_category":0,"ngg_post_thumbnail":0},"yoast_head":"<!-- This site is optimized with the Yoast SEO plugin v18.4.1 - https:\/\/yoast.com\/wordpress\/plugins\/seo\/ -->\n<title>Tes\u00e1rstvo - Strechy na mieru<\/title>\n<meta name=\"robots\" content=\"index, follow, max-snippet:-1, max-image-preview:large, max-video-preview:-1\" \/>\n<link rel=\"canonical\" href=\"https:\/\/stanislavbariny.sk\/strechy\/?page_id=116\" \/>\n<meta property=\"og:locale\" content=\"sk_SK\" \/>\n<meta property=\"og:type\" content=\"article\" \/>\n<meta property=\"og:title\" content=\"Tes\u00e1rstvo - Strechy na mieru\" \/>\n<meta property=\"og:description\" content=\"Kvalitn\u00fd krov je z\u00e1kladom pevnej a t\u00fdm aj funk\u010dnej strechy. Dlhodobo spolupracujeme s osved\u010den\u00fdm dod\u00e1vate\u013eom dreva z Kys\u00fac, v\u010faka \u010domu v\u00e1m m\u00f4\u017eeme pon\u00faknu\u0165 kvalitn\u00e9 certifikovan\u00e9 pevnostn\u00e9 trieden\u00e9 rezivo, moren\u00e9 i nemoren\u00e9, za v\u00fdhodn\u00e9 ceny a v relat\u00edvne kr\u00e1tkom dodacom \u010dase. Na\u0161a firma sa zameriava len na tes\u00e1rske pr\u00e1ce s\u00favisiace so strechou. V r\u00e1mci tes\u00e1rskych pr\u00e1c [&hellip;]\" \/>\n<meta property=\"og:url\" content=\"https:\/\/stanislavbariny.sk\/strechy\/?page_id=116\" \/>\n<meta property=\"og:site_name\" content=\"Strechy na mieru\" \/>\n<meta property=\"article:modified_time\" content=\"2020-03-18T15:52:10+00:00\" \/>\n<meta property=\"og:image\" content=\"https:\/\/www.stanislavbariny.sk\/strechy\/wp-content\/uploads\/2020\/02\/IMG-20191108-WA0005-1-1024x578.jpg\" \/>\n<meta name=\"twitter:card\" content=\"summary_large_image\" \/>\n<meta name=\"twitter:label1\" content=\"Predpokladan\u00fd \u010das \u010d\u00edtania\" \/>\n\t<meta name=\"twitter:data1\" content=\"1 min\u00fata\" \/>\n<script type=\"application\/ld+json\" class=\"yoast-schema-graph\">{\"@context\":\"https:\/\/schema.org\",\"@graph\":[{\"@type\":\"WebSite\",\"@id\":\"https:\/\/wildcard.stanislavbariny.sk\/strechy\/#website\",\"url\":\"https:\/\/wildcard.stanislavbariny.sk\/strechy\/\",\"name\":\"Strechy na mieru\",\"description\":\"s nami nezmoknete\",\"potentialAction\":[{\"@type\":\"SearchAction\",\"target\":{\"@type\":\"EntryPoint\",\"urlTemplate\":\"https:\/\/wildcard.stanislavbariny.sk\/strechy\/?s={search_term_string}\"},\"query-input\":\"required name=search_term_string\"}],\"inLanguage\":\"sk-SK\"},{\"@type\":\"ImageObject\",\"@id\":\"https:\/\/stanislavbariny.sk\/strechy\/?page_id=116#primaryimage\",\"inLanguage\":\"sk-SK\",\"url\":\"https:\/\/stanislavbariny.sk\/strechy\/wp-content\/uploads\/2020\/02\/IMG-20191108-WA0005-1.jpg\",\"contentUrl\":\"https:\/\/stanislavbariny.sk\/strechy\/wp-content\/uploads\/2020\/02\/IMG-20191108-WA0005-1.jpg\",\"width\":1496,\"height\":844},{\"@type\":\"WebPage\",\"@id\":\"https:\/\/stanislavbariny.sk\/strechy\/?page_id=116#webpage\",\"url\":\"https:\/\/stanislavbariny.sk\/strechy\/?page_id=116\",\"name\":\"Tes\u00e1rstvo - Strechy na mieru\",\"isPartOf\":{\"@id\":\"https:\/\/wildcard.stanislavbariny.sk\/strechy\/#website\"},\"primaryImageOfPage\":{\"@id\":\"https:\/\/stanislavbariny.sk\/strechy\/?page_id=116#primaryimage\"},\"datePublished\":\"2020-02-14T17:18:11+00:00\",\"dateModified\":\"2020-03-18T15:52:10+00:00\",\"breadcrumb\":{\"@id\":\"https:\/\/stanislavbariny.sk\/strechy\/?page_id=116#breadcrumb\"},\"inLanguage\":\"sk-SK\",\"potentialAction\":[{\"@type\":\"ReadAction\",\"target\":[\"https:\/\/stanislavbariny.sk\/strechy\/?page_id=116\"]}]},{\"@type\":\"BreadcrumbList\",\"@id\":\"https:\/\/stanislavbariny.sk\/strechy\/?page_id=116#breadcrumb\",\"itemListElement\":[{\"@type\":\"ListItem\",\"position\":1,\"name\":\"Home\",\"item\":\"https:\/\/wildcard.stanislavbariny.sk\/strechy\/\"},{\"@type\":\"ListItem\",\"position\":2,\"name\":\"Tes\u00e1rstvo\"}]}]}<\/script>\n<!-- \/ Yoast SEO plugin. -->","yoast_head_json":{"title":"Tes\u00e1rstvo - Strechy na mieru","robots":{"index":"index","follow":"follow","max-snippet":"max-snippet:-1","max-image-preview":"max-image-preview:large","max-video-preview":"max-video-preview:-1"},"canonical":"https:\/\/stanislavbariny.sk\/strechy\/?page_id=116","og_locale":"sk_SK","og_type":"article","og_title":"Tes\u00e1rstvo - Strechy na mieru","og_description":"Kvalitn\u00fd krov je z\u00e1kladom pevnej a t\u00fdm aj funk\u010dnej strechy. Dlhodobo spolupracujeme s osved\u010den\u00fdm dod\u00e1vate\u013eom dreva z Kys\u00fac, v\u010faka \u010domu v\u00e1m m\u00f4\u017eeme pon\u00faknu\u0165 kvalitn\u00e9 certifikovan\u00e9 pevnostn\u00e9 trieden\u00e9 rezivo, moren\u00e9 i nemoren\u00e9, za v\u00fdhodn\u00e9 ceny a v relat\u00edvne kr\u00e1tkom dodacom \u010dase. Na\u0161a firma sa zameriava len na tes\u00e1rske pr\u00e1ce s\u00favisiace so strechou. V r\u00e1mci tes\u00e1rskych pr\u00e1c [&hellip;]","og_url":"https:\/\/stanislavbariny.sk\/strechy\/?page_id=116","og_site_name":"Strechy na mieru","article_modified_time":"2020-03-18T15:52:10+00:00","og_image":[{"url":"https:\/\/www.stanislavbariny.sk\/strechy\/wp-content\/uploads\/2020\/02\/IMG-20191108-WA0005-1-1024x578.jpg"}],"twitter_card":"summary_large_image","twitter_misc":{"Predpokladan\u00fd \u010das \u010d\u00edtania":"1 min\u00fata"},"schema":{"@context":"https:\/\/schema.org","@graph":[{"@type":"WebSite","@id":"https:\/\/wildcard.stanislavbariny.sk\/strechy\/#website","url":"https:\/\/wildcard.stanislavbariny.sk\/strechy\/","name":"Strechy na mieru","description":"s nami nezmoknete","potentialAction":[{"@type":"SearchAction","target":{"@type":"EntryPoint","urlTemplate":"https:\/\/wildcard.stanislavbariny.sk\/strechy\/?s={search_term_string}"},"query-input":"required name=search_term_string"}],"inLanguage":"sk-SK"},{"@type":"ImageObject","@id":"https:\/\/stanislavbariny.sk\/strechy\/?page_id=116#primaryimage","inLanguage":"sk-SK","url":"https:\/\/stanislavbariny.sk\/strechy\/wp-content\/uploads\/2020\/02\/IMG-20191108-WA0005-1.jpg","contentUrl":"https:\/\/stanislavbariny.sk\/strechy\/wp-content\/uploads\/2020\/02\/IMG-20191108-WA0005-1.jpg","width":1496,"height":844},{"@type":"WebPage","@id":"https:\/\/stanislavbariny.sk\/strechy\/?page_id=116#webpage","url":"https:\/\/stanislavbariny.sk\/strechy\/?page_id=116","name":"Tes\u00e1rstvo - Strechy na mieru","isPartOf":{"@id":"https:\/\/wildcard.stanislavbariny.sk\/strechy\/#website"},"primaryImageOfPage":{"@id":"https:\/\/stanislavbariny.sk\/strechy\/?page_id=116#primaryimage"},"datePublished":"2020-02-14T17:18:11+00:00","dateModified":"2020-03-18T15:52:10+00:00","breadcrumb":{"@id":"https:\/\/stanislavbariny.sk\/strechy\/?page_id=116#breadcrumb"},"inLanguage":"sk-SK","potentialAction":[{"@type":"ReadAction","target":["https:\/\/stanislavbariny.sk\/strechy\/?page_id=116"]}]},{"@type":"BreadcrumbList","@id":"https:\/\/stanislavbariny.sk\/strechy\/?page_id=116#breadcrumb","itemListElement":[{"@type":"ListItem","position":1,"name":"Home","item":"https:\/\/wildcard.stanislavbariny.sk\/strechy\/"},{"@type":"ListItem","position":2,"name":"Tes\u00e1rstvo"}]}]}},"_links":{"self":[{"href":"https:\/\/stanislavbariny.sk\/strechy\/index.php?rest_route=\/wp\/v2\/pages\/116"}],"collection":[{"href":"https:\/\/stanislavbariny.sk\/strechy\/index.php?rest_route=\/wp\/v2\/pages"}],"about":[{"href":"https:\/\/stanislavbariny.sk\/strechy\/index.php?rest_route=\/wp\/v2\/types\/page"}],"author":[{"embeddable":true,"href":"https:\/\/stanislavbariny.sk\/strechy\/index.php?rest_route=\/wp\/v2\/users\/1"}],"replies":[{"embeddable":true,"href":"https:\/\/stanislavbariny.sk\/strechy\/index.php?rest_route=%2Fwp%2Fv2%2Fcomments&post=116"}],"version-history":[{"count":3,"href":"https:\/\/stanislavbariny.sk\/strechy\/index.php?rest_route=\/wp\/v2\/pages\/116\/revisions"}],"predecessor-version":[{"id":402,"href":"https:\/\/stanislavbariny.sk\/strechy\/index.php?rest_route=\/wp\/v2\/pages\/116\/revisions\/402"}],"wp:attachment":[{"href":"https:\/\/stanislavbariny.sk\/strechy\/index.php?rest_route=%2Fwp%2Fv2%2Fmedia&parent=116"}],"curies":[{"name":"wp","href":"https:\/\/api.w.org\/{rel}","templated":true}]}}