{"id":9,"date":"2020-02-12T22:17:28","date_gmt":"2020-02-12T21:17:28","guid":{"rendered":"https:\/\/www.stanislavbariny.sk\/strechy\/?page_id=9"},"modified":"2020-02-15T17:27:35","modified_gmt":"2020-02-15T16:27:35","slug":"o-nas","status":"publish","type":"page","link":"https:\/\/stanislavbariny.sk\/strechy\/?page_id=9","title":{"rendered":"O n\u00e1s"},"content":{"rendered":"\n<p>P\u00f4sob\u00edme na slovenskom trhu od roku 1997 a v podstate od svojho za\u010diatku sa zameriavame na kompletn\u00fa v\u00fdstavbu striech. Do roku 2010 sme zrealizovali viac ako 450 projektov novostavieb a rekon\u0161trukci\u00ed. Bohat\u00e9 sk\u00fasenosti z oblasti stre\u0161nej problematiky a nepretr\u017eit\u00e9 profesijn\u00e9 vzdel\u00e1vanie s\u00fa pre v\u00e1s z\u00e1rukou dizajnovo a funk\u010dne kvalitne prevedenej strechy a dokonal\u00e9ho rie\u0161enia v\u0161etk\u00fdch jej detailov. Ro\u010dne realizujeme vy\u0161e 50 projektov. Realizujeme novostavby ako aj rekon\u0161trukcie striech.<\/p>\n\n\n\nngg_shortcode_0_placeholder\n","protected":false},"excerpt":{"rendered":"<p>P\u00f4sob\u00edme na slovenskom trhu od roku 1997 a v podstate od svojho za\u010diatku sa zameriavame na kompletn\u00fa v\u00fdstavbu striech. Do roku 2010 sme zrealizovali viac ako 450 projektov novostavieb a rekon\u0161trukci\u00ed. Bohat\u00e9 sk\u00fasenosti z oblasti stre\u0161nej problematiky a nepretr\u017eit\u00e9 profesijn\u00e9 vzdel\u00e1vanie s\u00fa pre v\u00e1s z\u00e1rukou dizajnovo a funk\u010dne kvalitne prevedenej strechy a dokonal\u00e9ho rie\u0161enia v\u0161etk\u00fdch [&hellip;]<\/p>\n","protected":false},"author":1,"featured_media":0,"parent":0,"menu_order":0,"comment_status":"closed","ping_status":"closed","template":"","meta":{"_monsterinsights_skip_tracking":false,"_monsterinsights_sitenote_active":false,"_monsterinsights_sitenote_note":"","_monsterinsights_sitenote_category":0,"ngg_post_thumbnail":0},"yoast_head":"<!-- This site is optimized with the Yoast SEO plugin v18.4.1 - https:\/\/yoast.com\/wordpress\/plugins\/seo\/ -->\n<title>O n\u00e1s - Strechy na mieru<\/title>\n<meta name=\"robots\" content=\"index, follow, max-snippet:-1, max-image-preview:large, max-video-preview:-1\" \/>\n<link rel=\"canonical\" href=\"https:\/\/stanislavbariny.sk\/strechy\/?page_id=9\" \/>\n<meta property=\"og:locale\" content=\"sk_SK\" \/>\n<meta property=\"og:type\" content=\"article\" \/>\n<meta property=\"og:title\" content=\"O n\u00e1s - Strechy na mieru\" \/>\n<meta property=\"og:description\" content=\"P\u00f4sob\u00edme na slovenskom trhu od roku 1997 a v podstate od svojho za\u010diatku sa zameriavame na kompletn\u00fa v\u00fdstavbu striech. Do roku 2010 sme zrealizovali viac ako 450 projektov novostavieb a rekon\u0161trukci\u00ed. Bohat\u00e9 sk\u00fasenosti z oblasti stre\u0161nej problematiky a nepretr\u017eit\u00e9 profesijn\u00e9 vzdel\u00e1vanie s\u00fa pre v\u00e1s z\u00e1rukou dizajnovo a funk\u010dne kvalitne prevedenej strechy a dokonal\u00e9ho rie\u0161enia v\u0161etk\u00fdch [&hellip;]\" \/>\n<meta property=\"og:url\" content=\"https:\/\/stanislavbariny.sk\/strechy\/?page_id=9\" \/>\n<meta property=\"og:site_name\" content=\"Strechy na mieru\" \/>\n<meta property=\"article:modified_time\" content=\"2020-02-15T16:27:35+00:00\" \/>\n<meta name=\"twitter:card\" content=\"summary_large_image\" \/>\n<script type=\"application\/ld+json\" class=\"yoast-schema-graph\">{\"@context\":\"https:\/\/schema.org\",\"@graph\":[{\"@type\":\"WebSite\",\"@id\":\"https:\/\/wildcard.stanislavbariny.sk\/strechy\/#website\",\"url\":\"https:\/\/wildcard.stanislavbariny.sk\/strechy\/\",\"name\":\"Strechy na mieru\",\"description\":\"s nami nezmoknete\",\"potentialAction\":[{\"@type\":\"SearchAction\",\"target\":{\"@type\":\"EntryPoint\",\"urlTemplate\":\"https:\/\/wildcard.stanislavbariny.sk\/strechy\/?s={search_term_string}\"},\"query-input\":\"required name=search_term_string\"}],\"inLanguage\":\"sk-SK\"},{\"@type\":\"WebPage\",\"@id\":\"https:\/\/stanislavbariny.sk\/strechy\/?page_id=9#webpage\",\"url\":\"https:\/\/stanislavbariny.sk\/strechy\/?page_id=9\",\"name\":\"O n\u00e1s - Strechy na mieru\",\"isPartOf\":{\"@id\":\"https:\/\/wildcard.stanislavbariny.sk\/strechy\/#website\"},\"datePublished\":\"2020-02-12T21:17:28+00:00\",\"dateModified\":\"2020-02-15T16:27:35+00:00\",\"breadcrumb\":{\"@id\":\"https:\/\/stanislavbariny.sk\/strechy\/?page_id=9#breadcrumb\"},\"inLanguage\":\"sk-SK\",\"potentialAction\":[{\"@type\":\"ReadAction\",\"target\":[\"https:\/\/stanislavbariny.sk\/strechy\/?page_id=9\"]}]},{\"@type\":\"BreadcrumbList\",\"@id\":\"https:\/\/stanislavbariny.sk\/strechy\/?page_id=9#breadcrumb\",\"itemListElement\":[{\"@type\":\"ListItem\",\"position\":1,\"name\":\"Home\",\"item\":\"https:\/\/wildcard.stanislavbariny.sk\/strechy\/\"},{\"@type\":\"ListItem\",\"position\":2,\"name\":\"O n\u00e1s\"}]}]}<\/script>\n<!-- \/ Yoast SEO plugin. -->","yoast_head_json":{"title":"O n\u00e1s - Strechy na mieru","robots":{"index":"index","follow":"follow","max-snippet":"max-snippet:-1","max-image-preview":"max-image-preview:large","max-video-preview":"max-video-preview:-1"},"canonical":"https:\/\/stanislavbariny.sk\/strechy\/?page_id=9","og_locale":"sk_SK","og_type":"article","og_title":"O n\u00e1s - Strechy na mieru","og_description":"P\u00f4sob\u00edme na slovenskom trhu od roku 1997 a v podstate od svojho za\u010diatku sa zameriavame na kompletn\u00fa v\u00fdstavbu striech. Do roku 2010 sme zrealizovali viac ako 450 projektov novostavieb a rekon\u0161trukci\u00ed. Bohat\u00e9 sk\u00fasenosti z oblasti stre\u0161nej problematiky a nepretr\u017eit\u00e9 profesijn\u00e9 vzdel\u00e1vanie s\u00fa pre v\u00e1s z\u00e1rukou dizajnovo a funk\u010dne kvalitne prevedenej strechy a dokonal\u00e9ho rie\u0161enia v\u0161etk\u00fdch [&hellip;]","og_url":"https:\/\/stanislavbariny.sk\/strechy\/?page_id=9","og_site_name":"Strechy na mieru","article_modified_time":"2020-02-15T16:27:35+00:00","twitter_card":"summary_large_image","schema":{"@context":"https:\/\/schema.org","@graph":[{"@type":"WebSite","@id":"https:\/\/wildcard.stanislavbariny.sk\/strechy\/#website","url":"https:\/\/wildcard.stanislavbariny.sk\/strechy\/","name":"Strechy na mieru","description":"s nami nezmoknete","potentialAction":[{"@type":"SearchAction","target":{"@type":"EntryPoint","urlTemplate":"https:\/\/wildcard.stanislavbariny.sk\/strechy\/?s={search_term_string}"},"query-input":"required name=search_term_string"}],"inLanguage":"sk-SK"},{"@type":"WebPage","@id":"https:\/\/stanislavbariny.sk\/strechy\/?page_id=9#webpage","url":"https:\/\/stanislavbariny.sk\/strechy\/?page_id=9","name":"O n\u00e1s - Strechy na mieru","isPartOf":{"@id":"https:\/\/wildcard.stanislavbariny.sk\/strechy\/#website"},"datePublished":"2020-02-12T21:17:28+00:00","dateModified":"2020-02-15T16:27:35+00:00","breadcrumb":{"@id":"https:\/\/stanislavbariny.sk\/strechy\/?page_id=9#breadcrumb"},"inLanguage":"sk-SK","potentialAction":[{"@type":"ReadAction","target":["https:\/\/stanislavbariny.sk\/strechy\/?page_id=9"]}]},{"@type":"BreadcrumbList","@id":"https:\/\/stanislavbariny.sk\/strechy\/?page_id=9#breadcrumb","itemListElement":[{"@type":"ListItem","position":1,"name":"Home","item":"https:\/\/wildcard.stanislavbariny.sk\/strechy\/"},{"@type":"ListItem","position":2,"name":"O n\u00e1s"}]}]}},"_links":{"self":[{"href":"https:\/\/stanislavbariny.sk\/strechy\/index.php?rest_route=\/wp\/v2\/pages\/9"}],"collection":[{"href":"https:\/\/stanislavbariny.sk\/strechy\/index.php?rest_route=\/wp\/v2\/pages"}],"about":[{"href":"https:\/\/stanislavbariny.sk\/strechy\/index.php?rest_route=\/wp\/v2\/types\/page"}],"author":[{"embeddable":true,"href":"https:\/\/stanislavbariny.sk\/strechy\/index.php?rest_route=\/wp\/v2\/users\/1"}],"replies":[{"embeddable":true,"href":"https:\/\/stanislavbariny.sk\/strechy\/index.php?rest_route=%2Fwp%2Fv2%2Fcomments&post=9"}],"version-history":[{"count":4,"href":"https:\/\/stanislavbariny.sk\/strechy\/index.php?rest_route=\/wp\/v2\/pages\/9\/revisions"}],"predecessor-version":[{"id":376,"href":"https:\/\/stanislavbariny.sk\/strechy\/index.php?rest_route=\/wp\/v2\/pages\/9\/revisions\/376"}],"wp:attachment":[{"href":"https:\/\/stanislavbariny.sk\/strechy\/index.php?rest_route=%2Fwp%2Fv2%2Fmedia&parent=9"}],"curies":[{"name":"wp","href":"https:\/\/api.w.org\/{rel}","templated":true}]}}