{"id":98,"date":"2020-02-14T18:16:09","date_gmt":"2020-02-14T17:16:09","guid":{"rendered":"https:\/\/www.stanislavbariny.sk\/strechy\/?page_id=98"},"modified":"2020-02-15T17:26:09","modified_gmt":"2020-02-15T16:26:09","slug":"dodavatelia","status":"publish","type":"page","link":"https:\/\/stanislavbariny.sk\/strechy\/?page_id=98","title":{"rendered":"Dod\u00e1vatelia"},"content":{"rendered":"\n<p>V\u00fdber materi\u00e1lu je obvykle k\u013e\u00fa\u010dov\u00e1 ot\u00e1zka na za\u010diatku ka\u017ed\u00e9ho rokovania s\u00favisiaceho s v\u00fdstavbou novej strechy. Na\u0161a firma m\u00e1 v\u010faka mnohoro\u010dn\u00e9mu p\u00f4sobeniu v strech\u00e1rskej brand\u017ei vybudovan\u00e9 \u00fazke partnersk\u00e9 vz\u0165ahy s mnoh\u00fdmi renomovan\u00fdmi v\u00fdrobcami stre\u0161n\u00fdch materi\u00e1lov, v\u010faka \u010domu v\u00e1m dok\u00e1\u017eeme erudovane pom\u00f4c\u0165 a poskytn\u00fa\u0165 viacer\u00e9 alternat\u00edvy v\u00fdberu najvhodnej\u0161ieho materi\u00e1lu tak, aby sp\u013a\u0148al technick\u00e9 parametre va\u0161ej strechy i va\u0161e kvalitat\u00edvne a estetick\u00e9 n\u00e1roky. Z\u00e1rove\u0148 v\u00e1m zabezpe\u010d\u00edme kompletn\u00fd servis s\u00favisiaci s dod\u00e1vkou materi\u00e1lu. <\/p>\n\n\n\n<div class=\"wp-block-group\"><div class=\"wp-block-group__inner-container\">\nngg_shortcode_0_placeholder\n<\/div><\/div>\n","protected":false},"excerpt":{"rendered":"<p>V\u00fdber materi\u00e1lu je obvykle k\u013e\u00fa\u010dov\u00e1 ot\u00e1zka na za\u010diatku ka\u017ed\u00e9ho rokovania s\u00favisiaceho s v\u00fdstavbou novej strechy. Na\u0161a firma m\u00e1 v\u010faka mnohoro\u010dn\u00e9mu p\u00f4sobeniu v strech\u00e1rskej brand\u017ei vybudovan\u00e9 \u00fazke partnersk\u00e9 vz\u0165ahy s mnoh\u00fdmi renomovan\u00fdmi v\u00fdrobcami stre\u0161n\u00fdch materi\u00e1lov, v\u010faka \u010domu v\u00e1m dok\u00e1\u017eeme erudovane pom\u00f4c\u0165 a poskytn\u00fa\u0165 viacer\u00e9 alternat\u00edvy v\u00fdberu najvhodnej\u0161ieho materi\u00e1lu tak, aby sp\u013a\u0148al technick\u00e9 parametre va\u0161ej strechy i [&hellip;]<\/p>\n","protected":false},"author":1,"featured_media":0,"parent":0,"menu_order":0,"comment_status":"closed","ping_status":"closed","template":"","meta":{"_monsterinsights_skip_tracking":false,"_monsterinsights_sitenote_active":false,"_monsterinsights_sitenote_note":"","_monsterinsights_sitenote_category":0,"ngg_post_thumbnail":0},"yoast_head":"<!-- This site is optimized with the Yoast SEO plugin v18.4.1 - https:\/\/yoast.com\/wordpress\/plugins\/seo\/ -->\n<title>Dod\u00e1vatelia - Strechy na mieru<\/title>\n<meta name=\"robots\" content=\"index, follow, max-snippet:-1, max-image-preview:large, max-video-preview:-1\" \/>\n<link rel=\"canonical\" href=\"https:\/\/stanislavbariny.sk\/strechy\/?page_id=98\" \/>\n<meta property=\"og:locale\" content=\"sk_SK\" \/>\n<meta property=\"og:type\" content=\"article\" \/>\n<meta property=\"og:title\" content=\"Dod\u00e1vatelia - Strechy na mieru\" \/>\n<meta property=\"og:description\" content=\"V\u00fdber materi\u00e1lu je obvykle k\u013e\u00fa\u010dov\u00e1 ot\u00e1zka na za\u010diatku ka\u017ed\u00e9ho rokovania s\u00favisiaceho s v\u00fdstavbou novej strechy. Na\u0161a firma m\u00e1 v\u010faka mnohoro\u010dn\u00e9mu p\u00f4sobeniu v strech\u00e1rskej brand\u017ei vybudovan\u00e9 \u00fazke partnersk\u00e9 vz\u0165ahy s mnoh\u00fdmi renomovan\u00fdmi v\u00fdrobcami stre\u0161n\u00fdch materi\u00e1lov, v\u010faka \u010domu v\u00e1m dok\u00e1\u017eeme erudovane pom\u00f4c\u0165 a poskytn\u00fa\u0165 viacer\u00e9 alternat\u00edvy v\u00fdberu najvhodnej\u0161ieho materi\u00e1lu tak, aby sp\u013a\u0148al technick\u00e9 parametre va\u0161ej strechy i [&hellip;]\" \/>\n<meta property=\"og:url\" content=\"https:\/\/stanislavbariny.sk\/strechy\/?page_id=98\" \/>\n<meta property=\"og:site_name\" content=\"Strechy na mieru\" \/>\n<meta property=\"article:modified_time\" content=\"2020-02-15T16:26:09+00:00\" \/>\n<meta name=\"twitter:card\" content=\"summary_large_image\" \/>\n<meta name=\"twitter:label1\" content=\"Predpokladan\u00fd \u010das \u010d\u00edtania\" \/>\n\t<meta name=\"twitter:data1\" content=\"1 min\u00fata\" \/>\n<script type=\"application\/ld+json\" class=\"yoast-schema-graph\">{\"@context\":\"https:\/\/schema.org\",\"@graph\":[{\"@type\":\"WebSite\",\"@id\":\"https:\/\/wildcard.stanislavbariny.sk\/strechy\/#website\",\"url\":\"https:\/\/wildcard.stanislavbariny.sk\/strechy\/\",\"name\":\"Strechy na mieru\",\"description\":\"s nami nezmoknete\",\"potentialAction\":[{\"@type\":\"SearchAction\",\"target\":{\"@type\":\"EntryPoint\",\"urlTemplate\":\"https:\/\/wildcard.stanislavbariny.sk\/strechy\/?s={search_term_string}\"},\"query-input\":\"required name=search_term_string\"}],\"inLanguage\":\"sk-SK\"},{\"@type\":\"WebPage\",\"@id\":\"https:\/\/stanislavbariny.sk\/strechy\/?page_id=98#webpage\",\"url\":\"https:\/\/stanislavbariny.sk\/strechy\/?page_id=98\",\"name\":\"Dod\u00e1vatelia - Strechy na mieru\",\"isPartOf\":{\"@id\":\"https:\/\/wildcard.stanislavbariny.sk\/strechy\/#website\"},\"datePublished\":\"2020-02-14T17:16:09+00:00\",\"dateModified\":\"2020-02-15T16:26:09+00:00\",\"breadcrumb\":{\"@id\":\"https:\/\/stanislavbariny.sk\/strechy\/?page_id=98#breadcrumb\"},\"inLanguage\":\"sk-SK\",\"potentialAction\":[{\"@type\":\"ReadAction\",\"target\":[\"https:\/\/stanislavbariny.sk\/strechy\/?page_id=98\"]}]},{\"@type\":\"BreadcrumbList\",\"@id\":\"https:\/\/stanislavbariny.sk\/strechy\/?page_id=98#breadcrumb\",\"itemListElement\":[{\"@type\":\"ListItem\",\"position\":1,\"name\":\"Home\",\"item\":\"https:\/\/wildcard.stanislavbariny.sk\/strechy\/\"},{\"@type\":\"ListItem\",\"position\":2,\"name\":\"Dod\u00e1vatelia\"}]}]}<\/script>\n<!-- \/ Yoast SEO plugin. -->","yoast_head_json":{"title":"Dod\u00e1vatelia - Strechy na mieru","robots":{"index":"index","follow":"follow","max-snippet":"max-snippet:-1","max-image-preview":"max-image-preview:large","max-video-preview":"max-video-preview:-1"},"canonical":"https:\/\/stanislavbariny.sk\/strechy\/?page_id=98","og_locale":"sk_SK","og_type":"article","og_title":"Dod\u00e1vatelia - Strechy na mieru","og_description":"V\u00fdber materi\u00e1lu je obvykle k\u013e\u00fa\u010dov\u00e1 ot\u00e1zka na za\u010diatku ka\u017ed\u00e9ho rokovania s\u00favisiaceho s v\u00fdstavbou novej strechy. Na\u0161a firma m\u00e1 v\u010faka mnohoro\u010dn\u00e9mu p\u00f4sobeniu v strech\u00e1rskej brand\u017ei vybudovan\u00e9 \u00fazke partnersk\u00e9 vz\u0165ahy s mnoh\u00fdmi renomovan\u00fdmi v\u00fdrobcami stre\u0161n\u00fdch materi\u00e1lov, v\u010faka \u010domu v\u00e1m dok\u00e1\u017eeme erudovane pom\u00f4c\u0165 a poskytn\u00fa\u0165 viacer\u00e9 alternat\u00edvy v\u00fdberu najvhodnej\u0161ieho materi\u00e1lu tak, aby sp\u013a\u0148al technick\u00e9 parametre va\u0161ej strechy i [&hellip;]","og_url":"https:\/\/stanislavbariny.sk\/strechy\/?page_id=98","og_site_name":"Strechy na mieru","article_modified_time":"2020-02-15T16:26:09+00:00","twitter_card":"summary_large_image","twitter_misc":{"Predpokladan\u00fd \u010das \u010d\u00edtania":"1 min\u00fata"},"schema":{"@context":"https:\/\/schema.org","@graph":[{"@type":"WebSite","@id":"https:\/\/wildcard.stanislavbariny.sk\/strechy\/#website","url":"https:\/\/wildcard.stanislavbariny.sk\/strechy\/","name":"Strechy na mieru","description":"s nami nezmoknete","potentialAction":[{"@type":"SearchAction","target":{"@type":"EntryPoint","urlTemplate":"https:\/\/wildcard.stanislavbariny.sk\/strechy\/?s={search_term_string}"},"query-input":"required name=search_term_string"}],"inLanguage":"sk-SK"},{"@type":"WebPage","@id":"https:\/\/stanislavbariny.sk\/strechy\/?page_id=98#webpage","url":"https:\/\/stanislavbariny.sk\/strechy\/?page_id=98","name":"Dod\u00e1vatelia - Strechy na mieru","isPartOf":{"@id":"https:\/\/wildcard.stanislavbariny.sk\/strechy\/#website"},"datePublished":"2020-02-14T17:16:09+00:00","dateModified":"2020-02-15T16:26:09+00:00","breadcrumb":{"@id":"https:\/\/stanislavbariny.sk\/strechy\/?page_id=98#breadcrumb"},"inLanguage":"sk-SK","potentialAction":[{"@type":"ReadAction","target":["https:\/\/stanislavbariny.sk\/strechy\/?page_id=98"]}]},{"@type":"BreadcrumbList","@id":"https:\/\/stanislavbariny.sk\/strechy\/?page_id=98#breadcrumb","itemListElement":[{"@type":"ListItem","position":1,"name":"Home","item":"https:\/\/wildcard.stanislavbariny.sk\/strechy\/"},{"@type":"ListItem","position":2,"name":"Dod\u00e1vatelia"}]}]}},"_links":{"self":[{"href":"https:\/\/stanislavbariny.sk\/strechy\/index.php?rest_route=\/wp\/v2\/pages\/98"}],"collection":[{"href":"https:\/\/stanislavbariny.sk\/strechy\/index.php?rest_route=\/wp\/v2\/pages"}],"about":[{"href":"https:\/\/stanislavbariny.sk\/strechy\/index.php?rest_route=\/wp\/v2\/types\/page"}],"author":[{"embeddable":true,"href":"https:\/\/stanislavbariny.sk\/strechy\/index.php?rest_route=\/wp\/v2\/users\/1"}],"replies":[{"embeddable":true,"href":"https:\/\/stanislavbariny.sk\/strechy\/index.php?rest_route=%2Fwp%2Fv2%2Fcomments&post=98"}],"version-history":[{"count":4,"href":"https:\/\/stanislavbariny.sk\/strechy\/index.php?rest_route=\/wp\/v2\/pages\/98\/revisions"}],"predecessor-version":[{"id":472,"href":"https:\/\/stanislavbariny.sk\/strechy\/index.php?rest_route=\/wp\/v2\/pages\/98\/revisions\/472"}],"wp:attachment":[{"href":"https:\/\/stanislavbariny.sk\/strechy\/index.php?rest_route=%2Fwp%2Fv2%2Fmedia&parent=98"}],"curies":[{"name":"wp","href":"https:\/\/api.w.org\/{rel}","templated":true}]}}